{"id":13,"date":"2022-03-05T15:59:57","date_gmt":"2022-03-05T15:59:57","guid":{"rendered":"https:\/\/theshelf.de\/?page_id=13"},"modified":"2022-10-23T16:59:17","modified_gmt":"2022-10-23T16:59:17","slug":"the-shelf","status":"publish","type":"page","link":"https:\/\/theshelf.de\/en\/home\/the-shelf\/","title":{"rendered":"The Shelf"},"content":{"rendered":"\n<div class=\"wp-block-group pt-5\"><div class=\"wp-block-group__inner-container is-layout-flow wp-block-group-is-layout-flow\">\n<h2 class=\"wp-block-heading\">is a platform that seeks to give small publishers, artists, and initiatives a space for exchange and openness to the public. In 2022, this is happening in the form of a website\u2013as both a stage and a repository for knowledge and resources\u2013alongside a three-day event in Hanover from October 28\u2013October 30, planned as a prelude to the years ahead.<\/h2>\n\n\n\n<div style=\"height:25px\" aria-hidden=\"true\" class=\"wp-block-spacer\"><\/div>\n\n\n\n<h2 class=\"wp-block-heading\">The Shelf was conceived and is being organized by a group of cultural workers who engage with independent publishing from various perspectives\u2013artistic, curatorial, design-oriented.<\/h2>\n\n\n\n<div style=\"height:25px\" aria-hidden=\"true\" class=\"wp-block-spacer\"><\/div>\n\n\n\n<h2 class=\"wp-block-heading\">The Shelf\u2013Festival for Artistic Publishing<\/h2>\n\n\n\n<h2 class=\"wp-block-heading\">When? October 28\u2013October 30, 2022<br>Where? <a href=\"https:\/\/www.sprengel-museum.de\/besuch\" target=\"_blank\" rel=\"noreferrer noopener\">\u201dEinblickshalle\u201c Sprengel Museum Hannover<\/a><br>Website launch: early 2023<\/h2>\n\n\n\n<div style=\"height:25px\" aria-hidden=\"true\" class=\"wp-block-spacer\"><\/div>\n\n\n\n<h2 class=\"wp-block-heading\"><a href=\"mailto:contact@theshelf.de\" target=\"_blank\" rel=\"noreferrer noopener\">Newsletter<\/a><br><a href=\"http:\/\/www.instagram.com\/theshelf_platform\" target=\"_blank\" data-type=\"URL\" data-id=\"www.instagram.com\/theshelf_platform\" rel=\"noreferrer noopener\">Instagram<\/a> <\/h2>\n\n\n\n<div style=\"height:60px\" aria-hidden=\"true\" class=\"wp-block-spacer\"><\/div>\n\n\n\n<h2 class=\"wp-block-heading\">Initiated by:&nbsp;<a href=\"https:\/\/www.instagram.com\/adadprojectspace\" target=\"_blank\" rel=\"noreferrer noopener\">ad\/ad \u2013 Project Space<\/a><\/h2>\n\n\n\n<h2 class=\"wp-block-heading\">Funding: Kulturb\u00fcro der Landeshauptstadt Hannover, Ministerium f\u00fcr Wissenschaft und Kultur Niedersachsen,&nbsp;Fonds f\u00fcr Digitales der Region Hannover.<\/h2>\n\n\n\n<div style=\"height:89px\" aria-hidden=\"true\" class=\"wp-block-spacer\"><\/div>\n<\/div><\/div>\n\n\n\n<div class=\"wp-block-group d-none\"><div class=\"wp-block-group__inner-container is-layout-flow wp-block-group-is-layout-flow\">\n<h2 class=\"has-white-color has-text-color wp-block-heading\">The Shelf<br><\/h2>\n\n\n\n<h2 class=\"wp-block-heading\">is an independent, non-commercial platform for the promotion of the book as a medium, printed matter in its varieties and the diversity of all aspects of artistic and independent publishing practices. The Shelf aims to initiate and build a series of projects over the coming years, centered around this website and events that will take place locally in Hanover.<br><br>This website as a vessel will be home to a growing \u201eknowledge-base\u201c. It provides a Platform for independent artistic projects as well as a collection \/ Resources of actors, places and discursive spaces related to independent and artistic publishing. Interested parties are invited to participate by, for example, bringing projects, publishers or initiatives in the field of independent publishing to our attention.<br><br>The Shelf \u2013 Art Book Fair as a main center part of our programming will be a recurring three-day event that will be a meeting place for artists, publishers, booksellers and amateurs that looks to stimulate exchange and creativity in a spirit of openness, inventiveness and mutual respect. For the first time The Shelf \u2013 Art Book Fair will take place in October 2022 at Sprengel Museum Hannover with a broad selection of publishers, Curated Shelves as well as talks and workshops.<\/h2>\n\n\n\n<div style=\"height:60px\" aria-hidden=\"true\" class=\"wp-block-spacer\"><\/div>\n\n\n\n<h2 class=\"wp-block-heading\">For more information and further developments please follow us on <a href=\"https:\/\/instagram.com\/theshelf_artbookplatform\" target=\"_blank\" rel=\"noreferrer noopener\">Instagram<\/a>.<br><br>Subscribe to our Newsletter here.<\/h2>\n\n\n\n<p><\/p>\n\n\n\n<p><\/p>\n\n\n\n<p><\/p>\n\n\n\n<div style=\"height:100px\" aria-hidden=\"true\" class=\"wp-block-spacer\"><\/div>\n<\/div><\/div>\n","protected":false},"excerpt":{"rendered":"<p>is a platform that seeks to give small publishers, artists, and initiatives a space for exchange and openness to the public. In 2022, this is happening in the form of a website\u2013as both a stage and a repository for knowledge and resources\u2013alongside a three-day event in Hanover from October 28\u2013October 30, planned as a prelude [&#8230;]<\/p>\n<p><a class=\"btn btn-secondary understrap-read-more-link\" href=\"https:\/\/theshelf.de\/en\/home\/the-shelf\/\">Read More&#8230;<span class=\"screen-reader-text\"> from The Shelf<\/span><\/a><\/p>\n","protected":false},"author":1,"featured_media":0,"parent":2,"menu_order":0,"comment_status":"closed","ping_status":"closed","template":"","meta":{"footnotes":""},"class_list":["post-13","page","type-page","status-publish","hentry"],"_links":{"self":[{"href":"https:\/\/theshelf.de\/en\/wp-json\/wp\/v2\/pages\/13","targetHints":{"allow":["GET"]}}],"collection":[{"href":"https:\/\/theshelf.de\/en\/wp-json\/wp\/v2\/pages"}],"about":[{"href":"https:\/\/theshelf.de\/en\/wp-json\/wp\/v2\/types\/page"}],"author":[{"embeddable":true,"href":"https:\/\/theshelf.de\/en\/wp-json\/wp\/v2\/users\/1"}],"replies":[{"embeddable":true,"href":"https:\/\/theshelf.de\/en\/wp-json\/wp\/v2\/comments?post=13"}],"version-history":[{"count":44,"href":"https:\/\/theshelf.de\/en\/wp-json\/wp\/v2\/pages\/13\/revisions"}],"predecessor-version":[{"id":809,"href":"https:\/\/theshelf.de\/en\/wp-json\/wp\/v2\/pages\/13\/revisions\/809"}],"up":[{"embeddable":true,"href":"https:\/\/theshelf.de\/en\/wp-json\/wp\/v2\/pages\/2"}],"wp:attachment":[{"href":"https:\/\/theshelf.de\/en\/wp-json\/wp\/v2\/media?parent=13"}],"curies":[{"name":"wp","href":"https:\/\/api.w.org\/{rel}","templated":true}]}}