{"id":17,"date":"2022-03-05T16:06:09","date_gmt":"2022-03-05T16:06:09","guid":{"rendered":"https:\/\/theshelf.de\/?page_id=17"},"modified":"2022-04-05T22:32:57","modified_gmt":"2022-04-05T22:32:57","slug":"display","status":"publish","type":"page","link":"https:\/\/theshelf.de\/de\/home\/display\/","title":{"rendered":"Display"},"content":{"rendered":"<p>The Shelf \u2013 Display ist als offener Raum konzipiert, der in Zukunft als digitale Plattform f\u00fcr eine vielf\u00e4ltige Ansammlung verschiedener Medien und individueller Pr\u00e4sentationen sowie k\u00fcnstlerischer und wissenschaftlicher Forschungen, Recherchen und Beitr\u00e4gen eines breiten Spektrums von Akteur*innen aus allen Bereichen, die eng mit dem Buch und dem Verlagswesen im weitesten Sinne verbunden sind.<\/p>\n\n\n\n<p>Coming Soon<\/p>\n\n\n\n<figure class=\"wp-block-image size-large\"><img loading=\"lazy\" decoding=\"async\" width=\"1024\" height=\"702\" src=\"https:\/\/theshelf.de\/wp-content\/uploads\/2022\/03\/Platzhalter-1024x702.jpg\" alt=\"\" class=\"wp-image-653\" srcset=\"https:\/\/theshelf.de\/wp-content\/uploads\/2022\/03\/Platzhalter-1024x702.jpg 1024w, https:\/\/theshelf.de\/wp-content\/uploads\/2022\/03\/Platzhalter-300x206.jpg 300w, https:\/\/theshelf.de\/wp-content\/uploads\/2022\/03\/Platzhalter-768x526.jpg 768w, https:\/\/theshelf.de\/wp-content\/uploads\/2022\/03\/Platzhalter-1536x1053.jpg 1536w, https:\/\/theshelf.de\/wp-content\/uploads\/2022\/03\/Platzhalter-18x12.jpg 18w, https:\/\/theshelf.de\/wp-content\/uploads\/2022\/03\/Platzhalter.jpg 1920w\" sizes=\"auto, (max-width: 1024px) 100vw, 1024px\" \/><\/figure>","protected":false},"excerpt":{"rendered":"<p>The Shelf \u2013 Display is conceptualized as an open space that in the future will function as a digital platform for a diverse accumulation of various media and individual presentations as well as artistic and scientific research and contributions from a wide range of actors in all fields deeply connected to books and publishing in [&#8230;]<\/p>\n<p><a class=\"btn btn-secondary understrap-read-more-link\" href=\"https:\/\/theshelf.de\/de\/home\/display\/\">Weiterlesen&#8230;<span class=\"screen-reader-text\"> from Display<\/span><\/a><\/p>","protected":false},"author":1,"featured_media":0,"parent":2,"menu_order":0,"comment_status":"closed","ping_status":"closed","template":"","meta":{"footnotes":""},"class_list":["post-17","page","type-page","status-publish","hentry"],"_links":{"self":[{"href":"https:\/\/theshelf.de\/de\/wp-json\/wp\/v2\/pages\/17","targetHints":{"allow":["GET"]}}],"collection":[{"href":"https:\/\/theshelf.de\/de\/wp-json\/wp\/v2\/pages"}],"about":[{"href":"https:\/\/theshelf.de\/de\/wp-json\/wp\/v2\/types\/page"}],"author":[{"embeddable":true,"href":"https:\/\/theshelf.de\/de\/wp-json\/wp\/v2\/users\/1"}],"replies":[{"embeddable":true,"href":"https:\/\/theshelf.de\/de\/wp-json\/wp\/v2\/comments?post=17"}],"version-history":[{"count":25,"href":"https:\/\/theshelf.de\/de\/wp-json\/wp\/v2\/pages\/17\/revisions"}],"predecessor-version":[{"id":714,"href":"https:\/\/theshelf.de\/de\/wp-json\/wp\/v2\/pages\/17\/revisions\/714"}],"up":[{"embeddable":true,"href":"https:\/\/theshelf.de\/de\/wp-json\/wp\/v2\/pages\/2"}],"wp:attachment":[{"href":"https:\/\/theshelf.de\/de\/wp-json\/wp\/v2\/media?parent=17"}],"curies":[{"name":"wp","href":"https:\/\/api.w.org\/{rel}","templated":true}]}}