{"id":13,"date":"2022-03-05T15:59:57","date_gmt":"2022-03-05T15:59:57","guid":{"rendered":"https:\/\/theshelf.de\/?page_id=13"},"modified":"2022-10-23T16:59:17","modified_gmt":"2022-10-23T16:59:17","slug":"the-shelf","status":"publish","type":"page","link":"https:\/\/theshelf.de\/de\/home\/the-shelf\/","title":{"rendered":"The Shelf"},"content":{"rendered":"<div class=\"wp-block-group pt-5\"><div class=\"wp-block-group__inner-container is-layout-flow wp-block-group-is-layout-flow\">\n<h2 class=\"wp-block-heading\">versteht sich als Plattform, die kleinen Verlagen, K\u00fcnstler*innen und Initiativen Raum f\u00fcr Austausch und \u00d6ffentlichkeit geben m\u00f6chte. Dies geschieht 2022 in Form dieser Website \u2013 als Pr\u00e4sentationsort, Wissens-und Ressourcensammlung \u2013 und einer dreit\u00e4gigen Veranstaltung Ende Oktober in Hannover, die als ein Auftakt f\u00fcr die kommenden Jahre gedacht wird.<\/h2>\n\n\n\n<div style=\"height:25px\" aria-hidden=\"true\" class=\"wp-block-spacer\"><\/div>\n\n\n\n<h2 class=\"wp-block-heading\">The Shelf wird konzipiert und organisiert von einer Gruppe aus Kulturschaffenden, die sich aus verschiedenen Blickwinkeln (kunstschaffend, kuratierend, gestaltend) mit unabh\u00e4ngigem Publizieren besch\u00e4ftigen.<\/h2>\n\n\n\n<div style=\"height:25px\" aria-hidden=\"true\" class=\"wp-block-spacer\"><\/div>\n\n\n\n<h2 class=\"wp-block-heading\">The Shelf \u2013 Festival f\u00fcr k\u00fcnstlerisches Publizieren<\/h2>\n\n\n\n<h2 class=\"wp-block-heading\">When? October 28\u2013October 30, 2022<br>Wo? <a href=\"https:\/\/www.sprengel-museum.de\/besuch\" target=\"_blank\" rel=\"noreferrer noopener\">\u201dEinblickshalle\u201c Sprengel Museum Hannover<\/a><br>Website launch: Anfang 2023<\/h2>\n\n\n\n<div style=\"height:25px\" aria-hidden=\"true\" class=\"wp-block-spacer\"><\/div>\n\n\n\n<h2 class=\"wp-block-heading\"><a href=\"mailto:contact@theshelf.de\" target=\"_blank\" rel=\"noreferrer noopener\">Newsletter<\/a><br><a href=\"http:\/\/www.instagram.com\/theshelf_platform\" target=\"_blank\" data-type=\"URL\" data-id=\"www.instagram.com\/theshelf_platform\" rel=\"noreferrer noopener\">Instagram<\/a> <\/h2>\n\n\n\n<div style=\"height:60px\" aria-hidden=\"true\" class=\"wp-block-spacer\"><\/div>\n\n\n\n<h2 class=\"wp-block-heading translation-block\">Initiiert durch:\u00a0<a href=\"https:\/\/www.instagram.com\/adadprojectspace\" target=\"_blank\" rel=\"noopener\">ad\/ad \u2013 Project Space<\/a><\/h2>\n\n\n\n<h2 class=\"wp-block-heading\">Funding: Kulturb\u00fcro der Landeshauptstadt Hannover, Ministerium f\u00fcr Wissenschaft und Kultur Niedersachsen,&nbsp;Fonds f\u00fcr Digitales der Region Hannover.<\/h2>\n\n\n\n<div style=\"height:89px\" aria-hidden=\"true\" class=\"wp-block-spacer\"><\/div>\n<\/div><\/div>\n\n\n\n<div class=\"wp-block-group d-none\"><div class=\"wp-block-group__inner-container is-layout-flow wp-block-group-is-layout-flow\">\n<h2 class=\"has-white-color has-text-color wp-block-heading\">The Shelf<br><\/h2>\n\n\n\n<h2 class=\"wp-block-heading\">ist eine unabh\u00e4ngige, nichtkommerzielle Plattform, die das Potenzial des Buchs als Medium, die Vielfalt von Drucksachen und Aspekte der k\u00fcnstlerischen und unabh\u00e4ngigen Verlagspraxis in den Blick nimmt. The Shelf hat sich vorgenommen, in den kommenden Jahren eine Reihe von Projekten zu initiieren und aufzubauen, in deren Mittelpunkt diese Website sowie Veranstaltungen stehen, die vor Ort in Hannover stattfinden werden.<br><br>Diese Website als Gef\u00e4\u00df wird eine wachsende \u201eWissensbasis\u201c beherbergen. Es bietet eine Plattform f\u00fcr unabh\u00e4ngige k\u00fcnstlerische Projekte sowie eine Sammlung \/ Ressourcen von Akteuren, Orten und diskursiven R\u00e4umen, die sich auf unabh\u00e4ngiges und k\u00fcnstlerisches Publizieren beziehen. Interessierte sind eingeladen, sich zu beteiligen, indem sie uns beispielsweise auf Projekte, Verlage oder Initiativen im Bereich Independent Publishing aufmerksam machen.<br><br>The Shelf \u2013 Art Book Fair als zentraler Bestandteil unseres Programms wird eine wiederkehrende dreit\u00e4gige Veranstaltung sein, die ein Treffpunkt f\u00fcr K\u00fcnstler, Verleger, Buchh\u00e4ndler und Amateure sein wird, die den Austausch und die Kreativit\u00e4t im Geiste der Offenheit und Erfindungsgabe anregen soll und gegenseitigem Respekt. Erstmals findet im Oktober 2022 im Sprengel Museum Hannover The Shelf \u2013 Art Book Fair mit einem breiten Verlagsangebot, Curated Shelves sowie Vortr\u00e4gen und Workshops statt.<\/h2>\n\n\n\n<div style=\"height:60px\" aria-hidden=\"true\" class=\"wp-block-spacer\"><\/div>\n\n\n\n<h2 class=\"wp-block-heading\">F\u00fcr mehr Informationen und alle weitere Entwicklungen folge uns auf <a href=\"https:\/\/instagram.com\/theshelf_artbookplatform\" target=\"_blank\" rel=\"noreferrer noopener\">Instagram<\/a>.<br><br>Melde dich hier f\u00fcr unseren Newsletter an.<\/h2>\n\n\n\n<p><\/p>\n\n\n\n<p><\/p>\n\n\n\n<p><\/p>\n\n\n\n<div style=\"height:100px\" aria-hidden=\"true\" class=\"wp-block-spacer\"><\/div>\n<\/div><\/div>","protected":false},"excerpt":{"rendered":"<p>is a platform that seeks to give small publishers, artists, and initiatives a space for exchange and openness to the public. In 2022, this is happening in the form of a website\u2013as both a stage and a repository for knowledge and resources\u2013alongside a three-day event in Hanover from October 28\u2013October 30, planned as a prelude [&#8230;]<\/p>\n<p><a class=\"btn btn-secondary understrap-read-more-link\" href=\"https:\/\/theshelf.de\/de\/home\/the-shelf\/\">Weiterlesen&#8230;<span class=\"screen-reader-text\"> from The Shelf<\/span><\/a><\/p>","protected":false},"author":1,"featured_media":0,"parent":2,"menu_order":0,"comment_status":"closed","ping_status":"closed","template":"","meta":{"footnotes":""},"class_list":["post-13","page","type-page","status-publish","hentry"],"_links":{"self":[{"href":"https:\/\/theshelf.de\/de\/wp-json\/wp\/v2\/pages\/13","targetHints":{"allow":["GET"]}}],"collection":[{"href":"https:\/\/theshelf.de\/de\/wp-json\/wp\/v2\/pages"}],"about":[{"href":"https:\/\/theshelf.de\/de\/wp-json\/wp\/v2\/types\/page"}],"author":[{"embeddable":true,"href":"https:\/\/theshelf.de\/de\/wp-json\/wp\/v2\/users\/1"}],"replies":[{"embeddable":true,"href":"https:\/\/theshelf.de\/de\/wp-json\/wp\/v2\/comments?post=13"}],"version-history":[{"count":44,"href":"https:\/\/theshelf.de\/de\/wp-json\/wp\/v2\/pages\/13\/revisions"}],"predecessor-version":[{"id":809,"href":"https:\/\/theshelf.de\/de\/wp-json\/wp\/v2\/pages\/13\/revisions\/809"}],"up":[{"embeddable":true,"href":"https:\/\/theshelf.de\/de\/wp-json\/wp\/v2\/pages\/2"}],"wp:attachment":[{"href":"https:\/\/theshelf.de\/de\/wp-json\/wp\/v2\/media?parent=13"}],"curies":[{"name":"wp","href":"https:\/\/api.w.org\/{rel}","templated":true}]}}